{"id":26,"date":"2019-10-30T08:04:23","date_gmt":"2019-10-30T07:04:23","guid":{"rendered":"http:\/\/demo.casethemes.net\/consultio\/?page_id=26"},"modified":"2023-11-23T12:11:19","modified_gmt":"2023-11-23T11:11:19","slug":"a-propos","status":"publish","type":"page","link":"https:\/\/kimia-technologies.com\/en\/a-propos\/","title":{"rendered":"About Us"},"content":{"rendered":"<h3>\n                            <i><\/i><br \/>\nSecuring business information systems and providing IT solutions to everyday problems.<\/h3>\n<p>Kimia technologies is a company specialising in IT security, IT infrastructure and electronic payments. It also has its own ERP (Enterprise Resource Planning) application for businesses.<\/p>\n<p>Kimia Technologies was set up by a group of security, network and electronic payment infrastructure experts, each with more than ten years' experience, especially in the banking sector, in solution integration projects, consultancy and the supervision of corporate teams. Kimia Technologies offers quality services with the aim of making an effective contribution to delivering real added value to its customers.<\/p>\n<p>Audit &amp; Consulting<br \/>\nSolutions Integration<br \/>\nSystem, network and electronic payment infrastructure<br \/>\nOutsourcing<br \/>\nDeployment and maintenance of ATMs<br \/>\nCyber security awareness<br \/>\nApplication testing<br \/>\nManagement software : KIMIA ERP<br \/>\n<img width=\"350\" height=\"1\" src=\"https:\/\/kimia-technologies.com\/wp-content\/uploads\/2019\/12\/about-gap.png\" alt=\"\" loading=\"lazy\" srcset=\"https:\/\/kimia-technologies.com\/wp-content\/uploads\/2019\/12\/about-gap.png 350w, https:\/\/kimia-technologies.com\/wp-content\/uploads\/2019\/12\/about-gap-300x1.png 300w, https:\/\/kimia-technologies.com\/wp-content\/uploads\/2019\/12\/about-gap-250x1.png 250w, https:\/\/kimia-technologies.com\/wp-content\/uploads\/2019\/12\/about-gap-150x1.png 150w\" sizes=\"(max-width: 350px) 100vw, 350px\"><\/p>\n<h3>M Habib NOUBISSI<\/h3>\n<p>CEO<br \/>\n<img width=\"558\" height=\"631\" src=\"https:\/\/kimia-technologies.com\/wp-content\/uploads\/2020\/09\/about1.png\" alt=\"\" loading=\"lazy\" srcset=\"https:\/\/kimia-technologies.com\/wp-content\/uploads\/2020\/09\/about1.png 558w, https:\/\/kimia-technologies.com\/wp-content\/uploads\/2020\/09\/about1-265x300.png 265w\" sizes=\"(max-width: 558px) 100vw, 558px\"><br \/>\nWant to find out more about us?<br \/>\nSimply download the brochure ...<br \/>\n<a href=\"#\"><br \/>\nBrochure            <\/a><\/p>\n<h4>\n                            <i><\/i><br \/>\nWe position our customers at the forefront of their field by providing them with optimum solutions.<\/h4>\n<p>Focus on what you do the best and Let\u2019s take care of your IT Challenges<\/p>\n<h3>\n                            <i><\/i><br \/>\nKIMIA TECHNOLOGIES is an IT systems development and security company.<\/h3>\n<p>Kimia Technologies has built up a wealth of core skills over many years of experience in a variety of disaster recovery and business continuity areas, including :<\/p>\n<p>KIMIA<\/p>\n<h3>xx xx, 2018<\/h3>\n<p>Analysis and control of IT risks<\/p>\n<h3>xx xxl, 2018<\/h3>\n<p>Crisis management, operations and setting up a communication plan;<\/p>\n<h3>xx xx, 2019<\/h3>\n<p>Regulations and standardised methods for implementing a PRA\/PCA ;<\/p>\n<h3>xx xx, 2019<\/h3>\n<p>ISO 22301 is the international reference for business continuity management;<\/p>\n<h3>xx xx, 2020<\/h3>\n<p>The DRRI (Deployment Risk and Resilience Inventory) from the General Accepted Practice for Business Continuity Practitioners, a collection of best practices published by the leading institute in the PAC\/PRA field.<\/p>\n<h3>xx xx, 2018<\/h3>\n<p>Defining the issues and the strategic direction of a PRA\/PCA ;<\/p>\n<h3>xx xx, 2018<\/h3>\n<p>BIA (Business Impact Analysis) ;<\/p>\n<h3>xx xx, 2019<\/h3>\n<p>Skills in the structural organisation of the company and information system professions;<\/p>\n<h3>xx xx, 2019<\/h3>\n<p>ISO 27001, information security standards, ISO 27005, information security risk management standards;<\/p>\n<h3>xx xx, 2020<\/h3>\n<p>The practices of the BCI (Business Continuity Institute), which are a set of best practice methods and guidelines for implementing a DRP\/CPD;<\/p>\n<h3><\/h3>\n<p>DRJ (Disaster Recovery Journal) is now the reference journal for all professionals in this field.<br \/>\n<img loading=\"lazy\" src=\"https:\/\/kimia-technologies.com\/wp-content\/uploads\/2020\/09\/theme-04-150x150.jpg\" width=\"150\" height=\"150\" alt=\"theme-04\" title=\"theme-04\"><br \/>\n<a href=\"#\"><br \/>\n<\/a><br \/>\n<a href=\"#\"><br \/>\n<\/a><br \/>\n<a href=\"#\"><br \/>\n<\/a><br \/>\n<a href=\"#\"><br \/>\n<\/a><br \/>\n<a href=\"#\"><br \/>\n<\/a><br \/>\n<a><br \/>\n<\/a><\/p>","protected":false},"excerpt":{"rendered":"<p>S\u00e9curiser le syst\u00e8me d\u2019information des entreprises et Apporter des solutions informatiques aux probl\u00e8mes quotidiens de l\u2019homme. Kimia technologies est une soci\u00e9t\u00e9 sp\u00e9cialis\u00e9e dans la s\u00e9curit\u00e9 informatique, les infrastructures informatique et mon\u00e9tiques. Elle dispose \u00e9galement de son application propri\u00e9taire d\u2019ERP (Entreprise Resource Planning) offert aux entreprises. Cr\u00e9e par un groupe d\u2019expert en s\u00e9curit\u00e9, r\u00e9seau et infrastructure [&hellip;]<\/p>","protected":false},"author":1,"featured_media":0,"parent":0,"menu_order":0,"comment_status":"closed","ping_status":"closed","template":"","meta":[],"_links":{"self":[{"href":"https:\/\/kimia-technologies.com\/en\/wp-json\/wp\/v2\/pages\/26"}],"collection":[{"href":"https:\/\/kimia-technologies.com\/en\/wp-json\/wp\/v2\/pages"}],"about":[{"href":"https:\/\/kimia-technologies.com\/en\/wp-json\/wp\/v2\/types\/page"}],"author":[{"embeddable":true,"href":"https:\/\/kimia-technologies.com\/en\/wp-json\/wp\/v2\/users\/1"}],"replies":[{"embeddable":true,"href":"https:\/\/kimia-technologies.com\/en\/wp-json\/wp\/v2\/comments?post=26"}],"version-history":[{"count":22,"href":"https:\/\/kimia-technologies.com\/en\/wp-json\/wp\/v2\/pages\/26\/revisions"}],"predecessor-version":[{"id":84960,"href":"https:\/\/kimia-technologies.com\/en\/wp-json\/wp\/v2\/pages\/26\/revisions\/84960"}],"wp:attachment":[{"href":"https:\/\/kimia-technologies.com\/en\/wp-json\/wp\/v2\/media?parent=26"}],"curies":[{"name":"wp","href":"https:\/\/api.w.org\/{rel}","templated":true}]}}