{"id":84994,"date":"2024-02-20T08:07:57","date_gmt":"2024-02-20T07:07:57","guid":{"rendered":"https:\/\/kimia-technologies.com\/?page_id=84994"},"modified":"2024-02-26T16:54:28","modified_gmt":"2024-02-26T15:54:28","slug":"kerubi-soc-privacy-policy","status":"publish","type":"page","link":"https:\/\/kimia-technologies.com\/en\/kerubi-soc-privacy-policy\/","title":{"rendered":"KERUBI SOC &#8211; Politique de Confidentialit\u00e9"},"content":{"rendered":"<p>L&#8217;objectif de cette politique de confidentialit\u00e9 est d&#8217;expliquer \u00e0 nos clients quel type d&#8217;informations nous collecterons et comment ces informations seront utilis\u00e9es. Dans la plupart des cas, nous collectons ces informations pour garantir l&#8217;int\u00e9grit\u00e9 du r\u00e9seau et vous fournir le contenu le plus pertinent ainsi que le meilleur service possible pour r\u00e9pondre \u00e0 vos besoins. Dans certains cas, la loi nous oblige \u00e0 collecter des informations personnelles sur les clients. Sauf lorsque la loi l&#8217;exige autrement, nous prot\u00e9geons la confidentialit\u00e9 de ces donn\u00e9es. Les informations personnelles sont des donn\u00e9es qui nous permettent de vous identifier, telles que votre adresse e-mail, votre nom, votre titre de poste, etc. Nous demandons ces informations pour pouvoir fournir la solution ou le service le plus adapt\u00e9 et personnaliser votre exp\u00e9rience sur notre site Web. Lors de l&#8217;utilisation du site Web de KERUBU SOC, vous pouvez obtenir des informations, communiquer avec nous ou vous connecter \u00e0 d&#8217;autres sites Web qui sont des partenaires commerciaux de KERUBU SOC. Notre politique de confidentialit\u00e9 en ligne d\u00e9taille la mani\u00e8re dont KERUBU SOC prot\u00e8ge les informations personnelles que vous choisissez de partager avec nous. Votre vie priv\u00e9e, ainsi que celle de tous les visiteurs de notre site Web, est notre priorit\u00e9 absolue. Nous ne collecterons pas d\u00e9lib\u00e9r\u00e9ment ni n&#8217;utiliserons des informations personnelles telles que d\u00e9finies par la loi sans votre consentement. Cette politique de confidentialit\u00e9 ne r\u00e9git pas les sites Web d&#8217;autres parties auxquels nous pouvons fournir des liens, car KERUBU SOC n&#8217;est pas responsable et ne peut pas contr\u00f4ler les pratiques de confidentialit\u00e9 ou le contenu de ces sites. Les principes de KERUBU SOC en mati\u00e8re de confidentialit\u00e9 &#8211;<\/p>\n\n\n\n<p><\/p>\n\n\n\n<p><\/p>\n\n\n\n<p><\/p>\n\n\n\n<h3>1. La collecte et l&#8217;utilisation des informations:<\/h3>\n\n\n\n<ul><li>KERUBU SOC collecte des informations personnelles lorsque vous vous inscrivez pour obtenir des informations, telles que des documents marketing, des newsletters ou des webcasts, et\/ou lorsque vous participez \u00e0 des promotions.<\/li><li>KERUBU SOC re\u00e7oit et enregistre automatiquement des informations dans les journaux de serveur \u00e0 partir du navigateur, y compris votre adresse IP, des informations sur les cookies, et la page ou les pages que vous avez demand\u00e9es.<\/li><li>KERUBU SOC recueille des informations suppl\u00e9mentaires vous concernant que vous nous fournissez volontairement directement via notre site Web ou indirectement via nos partenaires commerciaux.<\/li><li>KERUBU SOC peut utiliser les informations personnelles re\u00e7ues de votre part dans le cadre des actions suivantes : pour r\u00e9pondre \u00e0 votre demande d&#8217;informations sur une solution ou un service ou toute question sp\u00e9cifique que vous nous avez envoy\u00e9e, pour r\u00e9pondre \u00e0 toute r\u00e9clamation, pour vous contacter au sujet d&#8217;offres et de nouvelles solutions et services, pour faire suite aux initiatives marketing et pour g\u00e9rer d&#8217;une mani\u00e8re g\u00e9n\u00e9rale votre relation avec nous.<\/li><\/ul>\n\n\n\n<p><\/p>\n\n\n\n<p><\/p>\n\n\n\n<p><\/p>\n\n\n\n<h3>2. Partage et divulgation des informations<\/h3>\n\n\n\n<p>KERUBU SOC ne vendra ni ne louera vos informations personnelles \u00e0 qui que ce soit.<\/p>\n\n\n\n<p><\/p>\n\n\n\n<p><\/p>\n\n\n\n<p><\/p>\n\n\n\n<h3>3. Acc\u00e8s aux informations<\/h3>\n\n\n\n<p>KERUBU SOC prend toutes les mesures n\u00e9cessaires pour maintenir l&#8217;exactitude et la mise \u00e0 jour de vos informations personnelles. Vous pouvez nous demander de r\u00e9viser, de modifier ou de supprimer les informations personnelles que vous nous avez fournies pr\u00e9c\u00e9demment. Dans de tels cas, veuillez envoyer votre demande respective \u00e0 Infos@kimia-technologies.com et nous r\u00e9pondrons \u00e0 votre demande dans un d\u00e9lai de 30 jours.<\/p>\n\n\n\n<p><\/p>\n\n\n\n<p><\/p>\n\n\n\n<p><\/p>\n\n\n\n<h3>4. Collecte et utilisation des informations sur l&#8217;adresse IP<\/h3>\n\n\n\n<p>KERUBU SOC re\u00e7oit les adresses IP de tous les utilisateurs car cette information est automatiquement signal\u00e9e par votre ordinateur \u00e0 chaque fois que vous consultez une page Web. Lorsque la page Web de Kimia Technologies est demand\u00e9e et consult\u00e9e, cette demande est enregistr\u00e9e sur nos serveurs avec des informations, y compris l&#8217;adresse IP de l&#8217;ordinateur qui a demand\u00e9 la page. Une adresse IP peut \u00eatre utilis\u00e9e \u00e0 diverses fins, notamment pour estimer le nombre total d&#8217;utilisateurs.<\/p>\n\n\n\n<p><\/p>\n\n\n\n<p><\/p>\n\n\n\n<p><\/p>\n\n\n\n<h3>5. Cookies<\/h3>\n\n\n\n<p>Un cookie est une petite quantit\u00e9 de donn\u00e9es qui inclut souvent un identifiant unique anonyme, envoy\u00e9 \u00e0 votre navigateur depuis l&#8217;ordinateur d&#8217;un site Web et stock\u00e9 sur le disque dur de votre ordinateur. Chaque site Web peut envoyer son propre cookie \u00e0 votre navigateur si les pr\u00e9f\u00e9rences de votre navigateur le permettent. Pour prot\u00e9ger votre vie priv\u00e9e, votre navigateur autorise uniquement un site Web \u00e0 acc\u00e9der aux cookies qu&#8217;il vous a d\u00e9j\u00e0 envoy\u00e9s, et non aux cookies envoy\u00e9s par d&#8217;autres sites.<\/p>\n\n\n\n<p><\/p>\n\n\n\n<p><\/p>\n\n\n\n<p><\/p>\n\n\n\n<h3>6. R\u00e9serve des droits<\/h3>\n\n\n\n<ul><li>KERUBU SOC se r\u00e9serve le droit de divulguer des informations sur les clients lorsque cela est l\u00e9galement requis de le faire de bonne foi ou pour exercer nos droits l\u00e9gaux ou nous d\u00e9fendre contre des r\u00e9clamations l\u00e9gales.<\/li><li>KERUBU SOC se r\u00e9serve \u00e9galement le droit de partager des informations avec les forces de l&#8217;ordre pour enqu\u00eater sur des activit\u00e9s ill\u00e9gales ou pr\u00e9venir de telles activit\u00e9s sur notre r\u00e9seau.<\/li><li>KERUBU SOC se r\u00e9serve le droit de divulguer vos informations personnelles si vous nous avez donn\u00e9 un consentement \u00e9crit explicite pour le faire.<\/li><li>KERUBU SOC se r\u00e9serve le droit de surveiller le trafic des utilisateurs et du r\u00e9seau \u00e0 des fins de s\u00e9curit\u00e9 du site et de pr\u00e9vention de toute tentative non autoris\u00e9e de manipuler notre site ou de causer des dommages \u00e0 nos biens.<\/li><li>KERUBU SOC se r\u00e9serve le droit d&#8217;apporter des modifications \u00e0 cette politique de confidentialit\u00e9 ou de la mettre \u00e0 jour. En cas de modification majeure, les clients en seront inform\u00e9s par un avis sur notre site Web. Les clients et visiteurs du site sont responsables de s&#8217;assurer qu&#8217;ils ont lu les modifications ou mises \u00e0 jour, le cas \u00e9ch\u00e9ant.<\/li><\/ul>","protected":false},"excerpt":{"rendered":"<p>L&#8217;objectif de cette politique de confidentialit\u00e9 est d&#8217;expliquer \u00e0 nos clients quel type d&#8217;informations nous collecterons et comment ces informations seront utilis\u00e9es. Dans la plupart des cas, nous collectons ces informations pour garantir l&#8217;int\u00e9grit\u00e9 du r\u00e9seau et vous fournir le contenu le plus pertinent ainsi que le meilleur service possible pour r\u00e9pondre \u00e0 vos besoins. [&hellip;]<\/p>","protected":false},"author":1,"featured_media":0,"parent":0,"menu_order":0,"comment_status":"closed","ping_status":"closed","template":"","meta":[],"_links":{"self":[{"href":"https:\/\/kimia-technologies.com\/en\/wp-json\/wp\/v2\/pages\/84994"}],"collection":[{"href":"https:\/\/kimia-technologies.com\/en\/wp-json\/wp\/v2\/pages"}],"about":[{"href":"https:\/\/kimia-technologies.com\/en\/wp-json\/wp\/v2\/types\/page"}],"author":[{"embeddable":true,"href":"https:\/\/kimia-technologies.com\/en\/wp-json\/wp\/v2\/users\/1"}],"replies":[{"embeddable":true,"href":"https:\/\/kimia-technologies.com\/en\/wp-json\/wp\/v2\/comments?post=84994"}],"version-history":[{"count":4,"href":"https:\/\/kimia-technologies.com\/en\/wp-json\/wp\/v2\/pages\/84994\/revisions"}],"predecessor-version":[{"id":85011,"href":"https:\/\/kimia-technologies.com\/en\/wp-json\/wp\/v2\/pages\/84994\/revisions\/85011"}],"wp:attachment":[{"href":"https:\/\/kimia-technologies.com\/en\/wp-json\/wp\/v2\/media?parent=84994"}],"curies":[{"name":"wp","href":"https:\/\/api.w.org\/{rel}","templated":true}]}}