{"id":84997,"date":"2024-02-20T08:04:43","date_gmt":"2024-02-20T07:04:43","guid":{"rendered":"https:\/\/kimia-technologies.com\/?page_id=84997"},"modified":"2024-02-26T17:05:29","modified_gmt":"2024-02-26T16:05:29","slug":"kerubi-soc-terms-conditions","status":"publish","type":"page","link":"https:\/\/kimia-technologies.com\/en\/kerubi-soc-terms-conditions\/","title":{"rendered":"KERUBI SOC &#8211; Conditions G\u00e9n\u00e9rales"},"content":{"rendered":"<p>Ces Conditions G\u00e9n\u00e9rales (les &#8220;<strong>Conditions<\/strong>&#8220;) r\u00e9giront la fourniture de certains services par Kimia Technologies Ltd. (la &#8220;<strong>Soci\u00e9t\u00e9<\/strong>&#8220;) ou ses affili\u00e9s au client indiqu\u00e9 dans le Formulaire de Commande. Ces Conditions seront jointes \u00e0 chaque Formulaire de Commande et serviront de partie int\u00e9grante de celui-ci. En signant le Formulaire de Commande ou en acc\u00e9dant de toute autre mani\u00e8re \u00e0 la Plateforme KERUBI SOC, le Client consent aux pr\u00e9sentes Conditions et aux dispositions qui y sont contenues.<\/p>\n\n\n\n<p><\/p>\n\n\n\n<ol><li>D\u00e9finitions. Les termes en majuscules auront la signification d\u00e9finie dans cette section, ou dans la section o\u00f9 ils sont utilis\u00e9s pour la premi\u00e8re fois.<\/li><\/ol>\n\n\n\n<ul><li>\u201c<strong>Affili\u00e9<\/strong>\u201d signifie une soci\u00e9t\u00e9 qui contr\u00f4le, est contr\u00f4l\u00e9e par, ou est sous le contr\u00f4le commun de la Soci\u00e9t\u00e9.<\/li><li>\u201c<strong>Plateforme KERUBI SOC<\/strong>\u201d signifie le logiciel et la plateforme propri\u00e9taires de la Soci\u00e9t\u00e9 destin\u00e9s \u00e0 fournir aux utilisateurs des capacit\u00e9s et une couverture de SOC (Centre Op\u00e9rationnel de S\u00e9curit\u00e9).<\/li><li>\u201c<strong>EPS<\/strong>\u201d signifie \u00e9v\u00e9nements par seconde tels que surveill\u00e9s par la Soci\u00e9t\u00e9.<\/li><li>\u201c<strong>Services<\/strong>\u201d signifie des services d&#8217;analyse et de surveillance des menaces de cybers\u00e9curit\u00e9 en ligne, bas\u00e9s sur le cloud, fournis via la Plateforme KERUBI SOC, et d&#8217;autres services connexes fournis par la Soci\u00e9t\u00e9. Les Services \u00e0 fournir par la Soci\u00e9t\u00e9 au Client incluront les fonctionnalit\u00e9s d\u00e9taill\u00e9es dans le Forfait de Services souscrit par le Client, tel qu&#8217;indiqu\u00e9 sur le site Web et\/ou dans le Formulaire de Commande.<\/li><li>\u201c<strong>Client<\/strong>\u201d d\u00e9signe la personne ou l&#8217;entit\u00e9 l\u00e9gale indiqu\u00e9e dans le Formulaire de Commande. Le Client peut inclure des Affili\u00e9s uniquement dans la mesure approuv\u00e9e par \u00e9crit par la Soci\u00e9t\u00e9.<\/li><li>\u201c<strong>Formulaire de Commande<\/strong>\u201d d\u00e9signe le formulaire d&#8217;abonnement par lequel le Client s&#8217;abonne aux Services.<\/li><li>\u201c<strong>Frais<\/strong>\u201d signifie les paiements dus \u00e0 la Soci\u00e9t\u00e9 au titre de la fourniture des Services, tels qu&#8217;indiqu\u00e9s dans le Formulaire de Commande.<\/li><li>\u201c<strong>Forfait de Services<\/strong>\u201d signifie le plan de service souscrit par le Client, tel qu&#8217;indiqu\u00e9 dans le Formulaire de Commande.<\/li><li>\u201c<strong>Droits de Propri\u00e9t\u00e9 Intellectuelle<\/strong>\u201d signifie tous les droits d\u00e9coulant de brevets, droits d&#8217;auteur, secrets commerciaux, informations confidentielles, marques, marques de service, noms commerciaux, \u0153uvres originales de l&#8217;esprit, droits sur les dessins et mod\u00e8les, applications et autres droits de propri\u00e9t\u00e9 dans n&#8217;importe quelle juridiction, sur tous (i) les inventions, d\u00e9couvertes, \u0153uvres de l&#8217;esprit, savoir-faire, informations techniques, r\u00e9sultats du travail, conceptions, id\u00e9es, concepts, innovations, dessins, sch\u00e9mas, \u0153uvres originales de l&#8217;esprit, formules, concepts, techniques, savoir-faire, m\u00e9thodes, syst\u00e8mes, processus, compositions de mati\u00e8re, programmes logiciels, algorithmes, m\u00e9thodologies d&#8217;investigation, bases de donn\u00e9es, (ii) toute am\u00e9lioration, am\u00e9lioration ou modification associ\u00e9e, le cas \u00e9ch\u00e9ant, tous les \u00e9l\u00e9ments susmentionn\u00e9s, qu&#8217;ils soient brevetables, prot\u00e9geables par le droit d&#8217;auteur ou par des secrets commerciaux, qu&#8217;ils soient ou non enregistr\u00e9s en tant que brevet, droit d&#8217;auteur, marque de commerce ou sous une autre forme, qu&#8217;ils constituent ou non un secret commercial commercial, professionnel ou commercial et qu&#8217;ils aient \u00e9t\u00e9 r\u00e9duits \u00e0 la pratique ou non.<\/li><li>\u201c<strong>Site Web<\/strong>\u201d d\u00e9signe le site Web de la Soci\u00e9t\u00e9 www.kimia-technologies.com et ses sous-sites.<br><br>2. Service.<\/li><\/ul>\n\n\n\n<ul><li>En contrepartie du paiement int\u00e9gral et en temps voulu des Frais et du respect de ces Conditions, le Client sera autoris\u00e9 \u00e0 acc\u00e9der et \u00e0 utiliser la Plateforme KERUBI SOC et \u00e0 recevoir les Services, comme plus amplement d\u00e9crit ici. L&#8217;abonnement est personnel et ne peut \u00eatre transf\u00e9r\u00e9, lou\u00e9 ou conc\u00e9d\u00e9 sous licence par le Client \u00e0 un tiers. Le Client reconna\u00eet que le fonctionnement de la Plateforme KERUBI SOC et la fourniture des Services d\u00e9pendent de la satisfaction des exigences techniques minimales requises pour son fonctionnement, telles qu&#8217;indiqu\u00e9es dans le Formulaire de Commande ou sur le Site Web. Le non-respect de ces exigences minimales peut limiter ou emp\u00eacher l&#8217;acc\u00e8s et l&#8217;utilisation de la Plateforme KERUBI SOC et des Services. La Soci\u00e9t\u00e9 ne fournit aucun composant mat\u00e9riel ou logiciel, et l&#8217;obtention de tels composants rel\u00e8ve de la seule responsabilit\u00e9 du Client et doit \u00eatre effectu\u00e9e \u00e0 ses frais.<\/li><li>Services. Le Client confirme et reconna\u00eet que les Services sont des services de surveillance de la cybers\u00e9curit\u00e9 et ne sont pas con\u00e7us pour pr\u00e9venir tout incident de s\u00e9curit\u00e9. Par cons\u00e9quent, il incombe au Client de prendre toutes les mesures n\u00e9cessaires pour att\u00e9nuer un tel incident de s\u00e9curit\u00e9 et corriger toute vuln\u00e9rabilit\u00e9 de s\u00e9curit\u00e9. La Soci\u00e9t\u00e9 fera de son mieux pour notifier le Client \u00e0 chaque incident de s\u00e9curit\u00e9 d\u00e9tect\u00e9 par la Soci\u00e9t\u00e9. Les notifications seront envoy\u00e9es par e-mail (aux coordonn\u00e9es fournies par le Client dans le formulaire de commande) ou par tout autre moyen de communication convenu par \u00e9crit par la Soci\u00e9t\u00e9. Le Client sera responsable d&#8217;obtenir tout service compl\u00e9mentaire, y compris des services de sauvegarde, si n\u00e9cessaire pour prot\u00e9ger et s\u00e9curiser ses donn\u00e9es.<\/li><li>Les Services sont fournis en fonction du nombre d&#8217;EPS indiqu\u00e9 dans le Forfait de Services souscrit. Le Client reconna\u00eet que la Soci\u00e9t\u00e9 ne sera nullement tenue de continuer \u00e0 fournir les Services pour tout EPS sup\u00e9rieur \u00e0 la capacit\u00e9 maximale sp\u00e9cifi\u00e9e dans le Forfait de Services souscrit par le Client. Le Client reconna\u00eet que la Soci\u00e9t\u00e9 n&#8217;est pas tenue de surveiller les Services pour des activit\u00e9s ill\u00e9gales ou non autoris\u00e9es, mais se r\u00e9serve le droit de le faire et de coop\u00e9rer avec les autorit\u00e9s en cas d&#8217;activit\u00e9s ill\u00e9gales ou non autoris\u00e9es.<br><br>3. Frais et Paiement.<\/li><\/ul>\n\n\n\n<ul><li>En contrepartie de la fourniture des Services, le Client paiera \u00e0 la Soci\u00e9t\u00e9 les Frais conform\u00e9ment au Forfait de Services souscrit par le Client et aux conditions de paiement \u00e9nonc\u00e9es dans le Formulaire de Commande. Les Frais sont indiqu\u00e9s dans la devise sp\u00e9cifi\u00e9e dans le Formulaire de Commande et sont nets de toutes taxes, droits et pr\u00e9l\u00e8vements. Le Client est responsable du paiement de toutes les taxes, droits et pr\u00e9l\u00e8vements impos\u00e9s par toute juridiction en relation avec les Services fournis en vertu des pr\u00e9sentes Conditions.<\/li><li>Les Frais seront factur\u00e9s et payables conform\u00e9ment aux conditions de paiement sp\u00e9cifi\u00e9es dans le Formulaire de Commande, qui peut inclure le paiement \u00e0 l&#8217;avance pour une p\u00e9riode de service sp\u00e9cifi\u00e9e. Si le Client ne paie pas les Frais selon les conditions de paiement sp\u00e9cifi\u00e9es dans le Formulaire de Commande, la Soci\u00e9t\u00e9 se r\u00e9serve le droit de suspendre ou de r\u00e9silier les Services.<br><br>4. Droits de Propri\u00e9t\u00e9 Intellectuelle.<\/li><\/ul>\n\n\n\n<ul><li>Sous r\u00e9serve du respect par le Client des pr\u00e9sentes Conditions, la Soci\u00e9t\u00e9 accorde au Client une licence non exclusive et non transf\u00e9rable pour utiliser la Plateforme KERUBI SOC et les Services conform\u00e9ment aux pr\u00e9sentes Conditions et au Forfait de Services souscrit par le Client. Le Client n&#8217;acquiert aucun autre droit de propri\u00e9t\u00e9 intellectuelle en relation avec la Plateforme KERUBI SOC ou les Services, et tous les droits non express\u00e9ment accord\u00e9s au Client sont r\u00e9serv\u00e9s par la Soci\u00e9t\u00e9.<\/li><li>La Soci\u00e9t\u00e9 conserve tous les droits, titres et int\u00e9r\u00eats sur la Plateforme KERUBI SOC, les Services et tous les Droits de Propri\u00e9t\u00e9 Intellectuelle associ\u00e9s. Le Client n&#8217;a pas le droit de copier, de modifier, de distribuer, de vendre ou de louer la Plateforme KERUBI SOC ou les Services, ni de cr\u00e9er des \u0153uvres d\u00e9riv\u00e9es bas\u00e9es sur la Plateforme KERUBI SOC ou les Services, sauf autorisation expresse par \u00e9crit de la Soci\u00e9t\u00e9.<\/li><li>Le Client garantit qu&#8217;il ne contrefaira pas les Droits de Propri\u00e9t\u00e9 Intellectuelle de la Soci\u00e9t\u00e9 et qu&#8217;il n&#8217;engagera aucune action ou pratique incompatible avec les droits de la Soci\u00e9t\u00e9 sur la Plateforme KERUBI SOC et les Services.<br><br>5. Acc\u00e8s aux Syst\u00e8mes du Client.<\/li><\/ul>\n\n\n\n<ul><li>Pour fournir les Services, la Soci\u00e9t\u00e9 peut n\u00e9cessiter un acc\u00e8s aux syst\u00e8mes, r\u00e9seaux et \u00e9quipements du Client. Le Client accorde \u00e0 la Soci\u00e9t\u00e9 le droit d&#8217;acc\u00e9der \u00e0 ces syst\u00e8mes, r\u00e9seaux et \u00e9quipements dans la mesure n\u00e9cessaire pour fournir les Services. Le Client sera responsable de la fourniture d&#8217;un acc\u00e8s s\u00fbr et s\u00e9curis\u00e9 \u00e0 ses syst\u00e8mes, r\u00e9seaux et \u00e9quipements, ainsi que de la coop\u00e9ration avec la Soci\u00e9t\u00e9 pour faciliter la prestation des Services.<br><br>6. Confidentialit\u00e9.<\/li><\/ul>\n\n\n\n<ul><li>Les parties conviennent de maintenir la confidentialit\u00e9 des informations confidentielles de l&#8217;autre partie et de ne pas divulguer, reproduire ou utiliser de telles informations confidentielles, sauf dans le cadre de la fourniture ou de l&#8217;utilisation des Services. La Soci\u00e9t\u00e9 peut divulguer les informations confidentielles du Client \u00e0 ses employ\u00e9s et sous-traitants dans la mesure n\u00e9cessaire pour fournir les Services, \u00e0 condition qu&#8217;ils soient li\u00e9s par des obligations de confidentialit\u00e9 au moins aussi contraignantes que celles \u00e9nonc\u00e9es dans les pr\u00e9sentes Conditions. Ces obligations de confidentialit\u00e9 ne s&#8217;appliqueront pas aux informations confidentielles qui (a) \u00e9taient d\u00e9j\u00e0 connues de la partie r\u00e9ceptrice au moment de la divulgation par la partie divulgueuse ; (b) sont ou deviennent publiquement disponibles sans faute de la partie r\u00e9ceptrice ; (c) sont obtenues l\u00e9galement par la partie r\u00e9ceptrice aupr\u00e8s d&#8217;une tierce partie sans restriction de divulgation ; (d) sont ind\u00e9pendamment d\u00e9velopp\u00e9es par la partie r\u00e9ceptrice sans utiliser les informations confidentielles de la partie divulgueuse.<br><br>7. Garantie.<\/li><\/ul>\n\n\n\n<ul><li>La Soci\u00e9t\u00e9 garantit que les Services seront fournis conform\u00e9ment aux pr\u00e9sentes Conditions et au Forfait de Services souscrit par le Client. La Soci\u00e9t\u00e9 ne garantit pas que les Services seront exempts d&#8217;erreurs ou d&#8217;interruptions. Le Client reconna\u00eet que la fourniture des Services peut \u00eatre soumise \u00e0 des limitations et des retards inh\u00e9rents \u00e0 l&#8217;utilisation d&#8217;Internet et des communications \u00e9lectroniques.<\/li><li>Le Client garantit que l&#8217;utilisation des Services par lui-m\u00eame ou par ses Affili\u00e9s ne violera pas les droits de propri\u00e9t\u00e9 intellectuelle de tiers ou toute autre loi applicable. Le Client sera seul responsable des dommages r\u00e9sultant de toute violation de cette garantie.<br><br>8. Exclusion de Garantie.<\/li><\/ul>\n\n\n\n<ul><li>\u00c0 L&#8217;EXCEPTION DES GARANTIES EXPRESS\u00c9MENT PR\u00c9VUES AUX PR\u00c9SENTES, LA SOCI\u00c9T\u00c9 EXCLUT TOUTE GARANTIE, QU&#8217;ELLE SOIT EXPRESSE, IMPLICITE, L\u00c9GALE OU AUTRE, Y COMPRIS, MAIS SANS S&#8217;Y LIMITER, TOUTE GARANTIE DE QUALIT\u00c9 MARCHANDE, D&#8217;ADAPTATION \u00c0 UN USAGE PARTICULIER, DE TITRE ET D&#8217;ABSENCE DE CONTREFA\u00c7ON.<br><br>9. Limitation de Responsabilit\u00e9.<\/li><\/ul>\n\n\n\n<ul><li>DANS TOUTE LA MESURE PERMISE PAR LA LOI APPLICABLE, LA RESPONSABILIT\u00c9 TOTALE DE LA SOCI\u00c9T\u00c9 ENVERS LE CLIENT, QUE CE SOIT EN VERTU DES PR\u00c9SENTES CONDITIONS OU AUTREMENT, SERA LIMIT\u00c9E AU MONTANT TOTAL DES FRAIS PAY\u00c9S PAR LE CLIENT \u00c0 LA SOCI\u00c9T\u00c9 PENDANT LES 12 MOIS PR\u00c9C\u00c9DANT IMM\u00c9DIATEMENT LA DATE \u00c0 LAQUELLE LA R\u00c9CLAMATION A \u00c9T\u00c9 FORMUL\u00c9E.<\/li><li>EN AUCUN CAS LA SOCI\u00c9T\u00c9 NE SERA RESPONSABLE DES DOMMAGES INDIRECTS, ACCESSOIRES, SP\u00c9CIAUX, EXEMPLAIRES OU CONS\u00c9CUTIFS, Y COMPRIS, MAIS SANS S&#8217;Y LIMITER, LES PERTES DE PROFITS, LES INTERRUPTIONS D&#8217;ACTIVIT\u00c9, LES PERTES DE DONN\u00c9ES OU LES CO\u00dbTS DE REMPLACEMENT, M\u00caME SI LA SOCI\u00c9T\u00c9 A \u00c9T\u00c9 AVIS\u00c9E DE LA POSSIBILIT\u00c9 DE TELS DOMMAGES.<br><br>10. Indemnisation.<\/li><\/ul>\n\n\n\n<ul><li>Le Client indemnise et tient la Soci\u00e9t\u00e9 indemne de toute responsabilit\u00e9, r\u00e9clamation, demande, perte, co\u00fbt, dommage, responsabilit\u00e9 ou d\u00e9pense (y compris les honoraires d&#8217;avocat raisonnables) d\u00e9coulant de ou li\u00e9 \u00e0 (a) l&#8217;utilisation des Services par le Client ou ses Affili\u00e9s ; (b) toute violation par le Client des pr\u00e9sentes Conditions ou du Forfait de Services souscrit par le Client ; (c) toute violation par le Client des droits de tiers, y compris les droits de propri\u00e9t\u00e9 intellectuelle ; ou (d) toute action r\u00e9pr\u00e9hensible du Client ou de ses Affili\u00e9s.<br><br>11. R\u00e9siliation.<\/li><\/ul>\n\n\n\n<ul><li>Les pr\u00e9sentes Conditions entreront en vigueur \u00e0 la date de signature du Formulaire de Commande par le Client et resteront en vigueur pour la dur\u00e9e du Forfait de Services souscrit par le Client, sauf r\u00e9siliation anticip\u00e9e conform\u00e9ment aux dispositions des pr\u00e9sentes Conditions. Chaque partie peut r\u00e9silier les pr\u00e9sentes Conditions en cas de violation substantielle par l&#8217;autre partie de ses obligations en vertu des pr\u00e9sentes Conditions, \u00e0 condition qu&#8217;elle adresse \u00e0 l&#8217;autre partie un avis \u00e9crit de la violation all\u00e9gu\u00e9e et que l&#8217;autre partie ne rem\u00e9die pas \u00e0 cette violation dans les 30 jours suivant la r\u00e9ception de cet avis.<\/li><li>En cas de r\u00e9siliation par le Client pour une raison autre qu&#8217;une violation substantielle par la Soci\u00e9t\u00e9, le Client restituera \u00e0 la Soci\u00e9t\u00e9 tous les montants dus et payables jusqu&#8217;\u00e0 la date de r\u00e9siliation, y compris les Frais dus pour toute p\u00e9riode de service restante souscrite dans le Forfait de Services. En cas de r\u00e9siliation par la Soci\u00e9t\u00e9 pour une violation substantielle par le Client, tous les Frais restants pour la p\u00e9riode de service restante dans le Forfait de Services souscrit par le Client seront imm\u00e9diatement dus et payables.<\/li><li>\u00c0 la r\u00e9siliation des pr\u00e9sentes Conditions, le Client cessera imm\u00e9diatement d&#8217;utiliser la Plateforme KERUBI SOC et les Services et d\u00e9truira toutes les copies de la Documentation en sa possession ou sous son contr\u00f4le.<br><br>12. Dispositions G\u00e9n\u00e9rales.<\/li><\/ul>\n\n\n\n<ul><li>Les pr\u00e9sentes Conditions constituent l&#8217;accord int\u00e9gral entre les parties en ce qui concerne l&#8217;objet des pr\u00e9sentes et remplacent tous les accords, d\u00e9clarations, garanties et ententes ant\u00e9rieurs ou contemporains, qu&#8217;ils soient \u00e9crits ou oraux.<\/li><li>La Soci\u00e9t\u00e9 se r\u00e9serve le droit de modifier les pr\u00e9sentes Conditions \u00e0 tout moment. Toute modification sera publi\u00e9e sur le Site Web et sera effective \u00e0 compter de la date de publication. Le Client est responsable de consulter r\u00e9guli\u00e8rement les Conditions publi\u00e9es sur le Site Web. L&#8217;utilisation continue des Services par le Client apr\u00e8s la publication de toute modification constitue l&#8217;acceptation par le Client des Conditions modifi\u00e9es.<\/li><li>Les pr\u00e9sentes Conditions seront r\u00e9gies et interpr\u00e9t\u00e9es conform\u00e9ment aux lois de l&#8217;\u00c9tat de Californie, \u00c9tats-Unis, sans \u00e9gard \u00e0 ses principes de conflit de lois.<\/li><li>En cas de litige d\u00e9coulant des pr\u00e9sentes Conditions, les parties conviennent de soumettre le litige \u00e0 une m\u00e9diation devant un m\u00e9diateur neutre, suivie d&#8217;une arbitrage contraignant si la m\u00e9diation ne parvient pas \u00e0 r\u00e9soudre le litige. La m\u00e9diation et l&#8217;arbitrage auront lieu dans le comt\u00e9 de Santa Clara, Californie, \u00c9tats-Unis.<\/li><li>Si une disposition des pr\u00e9sentes Conditions est jug\u00e9e invalide ou inapplicable par un tribunal comp\u00e9tent, les autres dispositions des pr\u00e9sentes Conditions resteront en vigueur. Toute disposition jug\u00e9e invalide ou inapplicable sera modifi\u00e9e ou interpr\u00e9t\u00e9e de mani\u00e8re \u00e0 atteindre au mieux les objectifs de la disposition originale dans les limites de la loi applicable.<\/li><\/ul>\n\n\n\n<div class=\"wp-block-file\"><a href=\"https:\/\/kimia-technologies.com\/wp-content\/uploads\/2024\/02\/KERUBI-dpa.pdf\">KERUBI SOC DPA<\/a><a href=\"https:\/\/kimia-technologies.com\/wp-content\/uploads\/2024\/02\/KERUBI-dpa.pdf\" class=\"wp-block-file__button\" download>T\u00e9l\u00e9charger<\/a><\/div>","protected":false},"excerpt":{"rendered":"<p>Ces Conditions G\u00e9n\u00e9rales (les &#8220;Conditions&#8220;) r\u00e9giront la fourniture de certains services par Kimia Technologies Ltd. (la &#8220;Soci\u00e9t\u00e9&#8220;) ou ses affili\u00e9s au client indiqu\u00e9 dans le Formulaire de Commande. Ces Conditions seront jointes \u00e0 chaque Formulaire de Commande et serviront de partie int\u00e9grante de celui-ci. En signant le Formulaire de Commande ou en acc\u00e9dant de toute [&hellip;]<\/p>","protected":false},"author":1,"featured_media":0,"parent":0,"menu_order":0,"comment_status":"closed","ping_status":"closed","template":"","meta":[],"_links":{"self":[{"href":"https:\/\/kimia-technologies.com\/en\/wp-json\/wp\/v2\/pages\/84997"}],"collection":[{"href":"https:\/\/kimia-technologies.com\/en\/wp-json\/wp\/v2\/pages"}],"about":[{"href":"https:\/\/kimia-technologies.com\/en\/wp-json\/wp\/v2\/types\/page"}],"author":[{"embeddable":true,"href":"https:\/\/kimia-technologies.com\/en\/wp-json\/wp\/v2\/users\/1"}],"replies":[{"embeddable":true,"href":"https:\/\/kimia-technologies.com\/en\/wp-json\/wp\/v2\/comments?post=84997"}],"version-history":[{"count":4,"href":"https:\/\/kimia-technologies.com\/en\/wp-json\/wp\/v2\/pages\/84997\/revisions"}],"predecessor-version":[{"id":85013,"href":"https:\/\/kimia-technologies.com\/en\/wp-json\/wp\/v2\/pages\/84997\/revisions\/85013"}],"wp:attachment":[{"href":"https:\/\/kimia-technologies.com\/en\/wp-json\/wp\/v2\/media?parent=84997"}],"curies":[{"name":"wp","href":"https:\/\/api.w.org\/{rel}","templated":true}]}}